{"id":405,"date":"2013-07-04T13:15:20","date_gmt":"2013-07-04T13:15:20","guid":{"rendered":"http:\/\/www.alemdopeoplebooks.com.br\/site\/?page_id=405"},"modified":"2013-08-08T18:16:24","modified_gmt":"2013-08-08T18:16:24","slug":"sobre-o-blog","status":"publish","type":"page","link":"https:\/\/www.alemdopeoplebooks.com.br\/site\/sobre-o-blog\/","title":{"rendered":"Sobre o Blog"},"content":{"rendered":"<p><a href=\"https:\/\/www.alemdopeoplebooks.com.br\/site\/wp-content\/uploads\/2013\/07\/alemdoPeopleBooks.jpg\"><img loading=\"lazy\" decoding=\"async\" class=\"size-full wp-image-469 alignleft\" alt=\"alemdoPeopleBooks\" src=\"https:\/\/www.alemdopeoplebooks.com.br\/site\/wp-content\/uploads\/2013\/07\/alemdoPeopleBooks.jpg\" width=\"160\" height=\"160\" srcset=\"https:\/\/www.alemdopeoplebooks.com.br\/site\/wp-content\/uploads\/2013\/07\/alemdoPeopleBooks.jpg 160w, https:\/\/www.alemdopeoplebooks.com.br\/site\/wp-content\/uploads\/2013\/07\/alemdoPeopleBooks-150x150.jpg 150w, https:\/\/www.alemdopeoplebooks.com.br\/site\/wp-content\/uploads\/2013\/07\/alemdoPeopleBooks-60x60.jpg 60w\" sizes=\"auto, (max-width: 160px) 100vw, 160px\" \/><\/a>Em novembro de 2010 nascia o Al\u00e9m do PeopleBooks, inicialmente um blog peoplesoft com foco em trazer para o dia-a-dia artigos comentados e explicados de uma forma diferente, simples e objetiva.<\/p>\n<p>Por que o nome &#8220;Al\u00e9m do PeopleBooks&#8221;?, porque o blog tem como objetivo ser uma ferramenta de apoio na resolu\u00e7\u00e3o de problemas que v\u00e3o al\u00e9m do peoplebooks.<\/p>\n<p>Em agosto de 2013 iniciamos a publica\u00e7\u00e3o de artigos sobre PHP.<\/p>\n<p>O nosso Blog tem o que os outros blogs t\u00eam, mas falamos portugu\u00eas e n\u00e3o ingl\u00eas e n\u00e3o temos propagandas. Temos um jeito divertido e esclarecedor de expor artigos, noticias, esclarecer duvidas e discutir assuntos atuais. Um Blog para pessoas com esp\u00edrito inovador e divertido, para n\u00e3o se desperdi\u00e7ar tempo.<\/p>\n<p>Aqui voc\u00ea encontrar\u00e1 um pouco do que n\u00f3s fazemos no dia-a-dia!<\/p>\n","protected":false},"excerpt":{"rendered":"<p>Em novembro de 2010 nascia o Al\u00e9m do PeopleBooks, inicialmente um blog peoplesoft com foco em trazer para o dia-a-dia<\/p>\n","protected":false},"author":1,"featured_media":0,"parent":0,"menu_order":0,"comment_status":"open","ping_status":"closed","template":"","meta":{"colormag_page_container_layout":"default_layout","colormag_page_sidebar_layout":"default_layout","_monsterinsights_skip_tracking":false,"_monsterinsights_sitenote_active":false,"_monsterinsights_sitenote_note":"","_monsterinsights_sitenote_category":0,"footnotes":""},"class_list":["post-405","page","type-page","status-publish","hentry"],"aioseo_notices":[],"_links":{"self":[{"href":"https:\/\/www.alemdopeoplebooks.com.br\/site\/wp-json\/wp\/v2\/pages\/405","targetHints":{"allow":["GET"]}}],"collection":[{"href":"https:\/\/www.alemdopeoplebooks.com.br\/site\/wp-json\/wp\/v2\/pages"}],"about":[{"href":"https:\/\/www.alemdopeoplebooks.com.br\/site\/wp-json\/wp\/v2\/types\/page"}],"author":[{"embeddable":true,"href":"https:\/\/www.alemdopeoplebooks.com.br\/site\/wp-json\/wp\/v2\/users\/1"}],"replies":[{"embeddable":true,"href":"https:\/\/www.alemdopeoplebooks.com.br\/site\/wp-json\/wp\/v2\/comments?post=405"}],"version-history":[{"count":7,"href":"https:\/\/www.alemdopeoplebooks.com.br\/site\/wp-json\/wp\/v2\/pages\/405\/revisions"}],"predecessor-version":[{"id":470,"href":"https:\/\/www.alemdopeoplebooks.com.br\/site\/wp-json\/wp\/v2\/pages\/405\/revisions\/470"}],"wp:attachment":[{"href":"https:\/\/www.alemdopeoplebooks.com.br\/site\/wp-json\/wp\/v2\/media?parent=405"}],"curies":[{"name":"wp","href":"https:\/\/api.w.org\/{rel}","templated":true}]}}