{"id":389,"date":"2013-07-02T19:03:56","date_gmt":"2013-07-02T19:03:56","guid":{"rendered":"http:\/\/www.alemdopeoplebooks.com.br\/site\/?page_id=389"},"modified":"2013-08-09T20:35:47","modified_gmt":"2013-08-09T20:35:47","slug":"historia","status":"publish","type":"page","link":"https:\/\/www.alemdopeoplebooks.com.br\/site\/historia\/","title":{"rendered":"Hist\u00f3ria do PeopleSoft"},"content":{"rendered":"<p><a href=\"https:\/\/www.alemdopeoplebooks.com.br\/site\/wp-content\/uploads\/2013\/07\/people1.jpg\"><img loading=\"lazy\" decoding=\"async\" class=\" wp-image-473 alignleft\" alt=\"people1\" src=\"https:\/\/www.alemdopeoplebooks.com.br\/site\/wp-content\/uploads\/2013\/07\/people1.jpg\" width=\"182\" height=\"136\" \/><\/a>Fundada em 1987 por Ken Morris e Dave Duffield, a PeopleSoft foi originalmente sediada em Walnut Creek, Calif\u00f3rnia antes de se mudar para Pleasanton, Calif\u00f3rnia. Duffield imaginou uma vers\u00e3o cliente-servidor do popular pacote HRMS j\u00e1 existente para mainframes.<\/p>\n<p>Ap\u00f3s um ano de sua funda\u00e7\u00e3o, em 1988 a PeopleSoft lan\u00e7a seu primeiro software e ponto de partida da empresa, o PeopleSoft HRMS, sendo o primeiro totalmente integrado e robusto software focado em HR.<\/p>\n<p>A PeopleSoft expandiu a sua gama de produtos para incluir um m\u00f3dulo de finan\u00e7as e distribui\u00e7\u00e3o em 1994, gest\u00e3o academica em 1995 e de manufatura em 1996.<\/p>\n<p>A Su\u00edte de produtos da PeopleSoft baseou-se inicialmente em uma abordagem cliente-servidor com um cliente dedicado. \u00a0Com o lan\u00e7amento da vers\u00e3o 8, todo o conjunto se mudou para um modelo chamado PeopleSoft Internet Architecture (PIA), este novo formato permitiu a suite PeopleSoft operar como um sistema WEB.<\/p>\n<p><a href=\"https:\/\/www.alemdopeoplebooks.com.br\/site\/wp-content\/uploads\/2013\/07\/people2.jpg\"><img loading=\"lazy\" decoding=\"async\" class=\" wp-image-474 alignright\" alt=\"people2\" src=\"https:\/\/www.alemdopeoplebooks.com.br\/site\/wp-content\/uploads\/2013\/07\/people2.jpg\" width=\"272\" height=\"91\" srcset=\"https:\/\/www.alemdopeoplebooks.com.br\/site\/wp-content\/uploads\/2013\/07\/people2.jpg 388w, https:\/\/www.alemdopeoplebooks.com.br\/site\/wp-content\/uploads\/2013\/07\/people2-300x100.jpg 300w\" sizes=\"auto, (max-width: 272px) 100vw, 272px\" \/><\/a><\/p>\n<p>Quase 20 anos depois, em janeiro de 2005 a Oracle comprou a PeopleSoft.<\/p>\n<p>Principais marcos:<\/p>\n<ul>\n<li>1987: PeopleSoft, Inc. fundada por David Diffield e Ken Morris<\/li>\n<li>1988: PeopleSoft HRMS \u00e9 lan\u00e7ado.<\/li>\n<li>1991: Abertura dos escrit\u00f3rios internacionais.<\/li>\n<li>1994: Lan\u00e7amento PeopleSoft FSCM.<\/li>\n<li>1995: Lan\u00e7amento PeopleSoft Campus Solutions<\/li>\n<li>1995: Abertura de Escrit\u00f3rios na Am\u00e9rica Latina.<\/li>\n<li>1996: Lan\u00e7amento do modulo de Manufatura e PeopleSoft 6<\/li>\n<li>1998: PeopleSoft 7.5 \u00e9 lan\u00e7ado<\/li>\n<li>2000: Aquisi\u00e7\u00e3o da Vantive<\/li>\n<li>2003: Aquisi\u00e7\u00e3o da JD Edwards<\/li>\n<li>2005: PeopleSoft \u00e9 adquirida pela Oracle.<\/li>\n<li>2006: PeopleSoft FSCM 9.0 \u00e9 lan\u00e7ado.<\/li>\n<li>2006: PeopleSoft HCM 9.0 \u00e9 lan\u00e7ado.<\/li>\n<li>2009: PeopleSoft HCM 9.1 \u00e9 lan\u00e7ado.<\/li>\n<li>2009: PeopleSoft FSCM 9.1 \u00e9 lanlado<\/li>\n<li>2013: PeopleSoft 9.2 HCM e FSCM s\u00e3o lan\u00e7ados.<\/li>\n<\/ul>\n<p>Atualmente a Oracle mantem e comercializa a suite de aplicativos PeopleSoft conforme abaixo:<\/p>\n<ul>\n<li>Campus Solutions (Student Administration)<\/li>\n<li>CRM (Customer Relationship Management)<\/li>\n<li>EPM (Enterprise Performance Management)<\/li>\n<li>Enterprise Service Automation (Project Management)<\/li>\n<li>Financial Management<\/li>\n<li>Human Capital Management (HCM, the successor to PeopleSoft\u2019s HRMS<\/li>\n<li>Supplier Relationship Management (Procurement)<\/li>\n<li>Supply Chain Management<\/li>\n<li>PeopleSoft Enterprise Tools &amp; Technology (PeopleTools)<\/li>\n<\/ul>\n<p>Refer\u00eancias:<br \/>\nhttp:\/\/www.referenceforbusiness.com\/history2\/16\/PeopleSoft-Inc.html<br \/>\nhttp:\/\/en.wikipedia.org\/wiki\/PeopleSoft#cite_note-CS-2<br \/>\nPeopleSoft Developer\u2019s Guide for PeopleTools &amp; PeopleCode, Judi A. Doolittle editora mcgraw-hill<\/p>\n","protected":false},"excerpt":{"rendered":"<p>Fundada em 1987 por Ken Morris e Dave Duffield, a PeopleSoft foi originalmente sediada em Walnut Creek, Calif\u00f3rnia antes de<\/p>\n","protected":false},"author":1,"featured_media":0,"parent":0,"menu_order":0,"comment_status":"open","ping_status":"closed","template":"","meta":{"colormag_page_container_layout":"default_layout","colormag_page_sidebar_layout":"default_layout","_monsterinsights_skip_tracking":false,"_monsterinsights_sitenote_active":false,"_monsterinsights_sitenote_note":"","_monsterinsights_sitenote_category":0,"footnotes":""},"class_list":["post-389","page","type-page","status-publish","hentry"],"aioseo_notices":[],"_links":{"self":[{"href":"https:\/\/www.alemdopeoplebooks.com.br\/site\/wp-json\/wp\/v2\/pages\/389","targetHints":{"allow":["GET"]}}],"collection":[{"href":"https:\/\/www.alemdopeoplebooks.com.br\/site\/wp-json\/wp\/v2\/pages"}],"about":[{"href":"https:\/\/www.alemdopeoplebooks.com.br\/site\/wp-json\/wp\/v2\/types\/page"}],"author":[{"embeddable":true,"href":"https:\/\/www.alemdopeoplebooks.com.br\/site\/wp-json\/wp\/v2\/users\/1"}],"replies":[{"embeddable":true,"href":"https:\/\/www.alemdopeoplebooks.com.br\/site\/wp-json\/wp\/v2\/comments?post=389"}],"version-history":[{"count":10,"href":"https:\/\/www.alemdopeoplebooks.com.br\/site\/wp-json\/wp\/v2\/pages\/389\/revisions"}],"predecessor-version":[{"id":476,"href":"https:\/\/www.alemdopeoplebooks.com.br\/site\/wp-json\/wp\/v2\/pages\/389\/revisions\/476"}],"wp:attachment":[{"href":"https:\/\/www.alemdopeoplebooks.com.br\/site\/wp-json\/wp\/v2\/media?parent=389"}],"curies":[{"name":"wp","href":"https:\/\/api.w.org\/{rel}","templated":true}]}}